{"id":1401,"date":"2024-03-13T10:11:43","date_gmt":"2024-03-13T09:11:43","guid":{"rendered":"https:\/\/logs.se\/?page_id=1401"},"modified":"2025-10-27T09:07:32","modified_gmt":"2025-10-27T08:07:32","slug":"important-information","status":"publish","type":"page","link":"https:\/\/logs.se\/en\/om-oss\/important-information\/","title":{"rendered":"Important information"},"content":{"rendered":"\n<p><strong>Information f\u00f6r dig som bes\u00f6ker oss. <\/strong><\/p>\n\n\n\n<p>Syftet med den h\u00e4r broschyren \u00e4r att s\u00e4kerst\u00e4lla att samtliga personer som ska arbeta p\u00e5 n\u00e5got av LOGS Logistics omr\u00e5den har tillr\u00e4cklig kunskap om de regler och villkor som g\u00e4ller under vistelsen.<\/p>\n\n\n\n<p><a\n     href=\"https:\/\/logs.se\/wp-content\/uploads\/logs-logistics-terminals-regler-sv-webb-copy.pdf\" target=\"_blank\" rel=\"noreferrer noopener\"\n    class=\"inline-flex items-center\"\n>\n    <svg\n    xmlns=\"http:\/\/www.w3.org\/2000\/svg\" viewBox=\"0 0 95 95\" fill=\"currentColor\" aria-label=\"pdf\" class=\"w-5 h-5 mr-2\">\n    <path\n        d=\"M34.939 49.2503H38.4406V41.3337H42.8556C43.8503 41.3337 44.6826 40.9987 45.3524 40.3289C46.0223 39.659 46.3573 38.8268 46.3573 37.8321V33.417C46.3573 32.4224 46.0223 31.5901 45.3524 30.9203C44.6826 30.2504 43.8503 29.9155 42.8556 29.9155H34.939V49.2503ZM38.4406 37.8321V33.417H42.8556V37.8321H38.4406ZM50.3917 49.2503H58.1561C59.1507 49.2503 59.983 48.9154 60.6529 48.2455C61.3228 47.5757 61.6577 46.7435 61.6577 45.7488V33.417C61.6577 32.4224 61.3228 31.5901 60.6529 30.9203C59.983 30.2504 59.1507 29.9155 58.1561 29.9155H50.3917V49.2503ZM53.8932 45.7488V33.417H58.1561V45.7488H53.8932ZM66.0727 49.2503H69.5744V41.3337H74.294V37.8321H69.5744V33.417H74.294V29.9155H66.0727V49.2503ZM31.8942 69.2703C29.8947 69.2703 28.2023 68.5776 26.817 67.1922C25.4315 65.8068 24.7388 64.1143 24.7388 62.1148V17.051C24.7388 15.0515 25.4315 13.359 26.817 11.9736C28.2023 10.5882 29.8947 9.89551 31.8942 9.89551H76.9582C78.9576 9.89551 80.65 10.5882 82.0354 11.9736C83.4208 13.359 84.1135 15.0515 84.1135 17.051V62.1148C84.1135 64.1143 83.4208 65.8068 82.0354 67.1922C80.65 68.5776 78.9576 69.2703 76.9582 69.2703H31.8942ZM31.8942 63.3329H76.9582C77.2626 63.3329 77.5417 63.206 77.7955 62.9523C78.0493 62.6985 78.1761 62.4194 78.1761 62.1148V17.051C78.1761 16.7465 78.0493 16.4673 77.7955 16.2135C77.5417 15.9598 77.2626 15.8329 76.9582 15.8329H31.8942C31.5897 15.8329 31.3106 15.9598 31.0568 16.2135C30.803 16.4673 30.6761 16.7465 30.6761 17.051V62.1148C30.6761 62.4194 30.803 62.6985 31.0568 62.9523C31.3106 63.206 31.5897 63.3329 31.8942 63.3329ZM18.0401 83.1243C16.0407 83.1243 14.3483 82.4316 12.9629 81.0462C11.5775 79.6607 10.8848 77.9683 10.8848 75.9689V24.9677H16.8222V75.9689C16.8222 76.2734 16.949 76.5526 17.2028 76.8063C17.4566 77.0601 17.7357 77.187 18.0401 77.187H69.0415V83.1243H18.0401Z\" \/>\n<\/svg>\n\n    <span>Trafik- och s\u00e4kerhetsregler p\u00e5 v\u00e5ra omr\u00e5den<\/span>\n<\/a>\n<\/p>\n","protected":false},"excerpt":{"rendered":"<p>Information f\u00f6r dig som bes\u00f6ker oss. Syftet med den h\u00e4r broschyren \u00e4r att s\u00e4kerst\u00e4lla att samtliga personer som ska arbeta p\u00e5 n\u00e5got av LOGS Logistics omr\u00e5den har tillr\u00e4cklig kunskap om de regler och villkor som g\u00e4ller under vistelsen. Trafik- och s\u00e4kerhetsregler p\u00e5 v\u00e5ra omr\u00e5den<\/p>\n","protected":false},"author":4,"featured_media":1406,"parent":800,"menu_order":4,"comment_status":"closed","ping_status":"closed","template":"subpage","meta":{"_acf_changed":false,"footnotes":""},"class_list":["post-1401","page","type-page","status-publish","has-post-thumbnail","hentry"],"acf":[],"yoast_head":"<!-- This site is optimized with the Yoast SEO plugin v27.2 - https:\/\/yoast.com\/product\/yoast-seo-wordpress\/ -->\n<title>Important information - LOGS Logistics &amp; Terminals AB<\/title>\n<meta name=\"description\" content=\"Important information, traffic and safety rules for those who visit us at LOGS Logistics.\" \/>\n<meta name=\"robots\" content=\"index, follow, max-snippet:-1, max-image-preview:large, max-video-preview:-1\" \/>\n<link rel=\"canonical\" href=\"https:\/\/logs.se\/en\/om-oss\/important-information\/\" \/>\n<meta property=\"og:locale\" content=\"en_US\" \/>\n<meta property=\"og:type\" content=\"article\" \/>\n<meta property=\"og:title\" content=\"Important information - LOGS Logistics &amp; Terminals AB\" \/>\n<meta property=\"og:description\" content=\"Important information, traffic and safety rules for those who visit us at LOGS Logistics.\" \/>\n<meta property=\"og:url\" content=\"https:\/\/logs.se\/en\/om-oss\/important-information\/\" \/>\n<meta property=\"og:site_name\" content=\"LOGS Logistics &amp; Terminals AB\" \/>\n<meta property=\"article:publisher\" content=\"https:\/\/www.facebook.com\/logslogisticsab\/\" \/>\n<meta property=\"article:modified_time\" content=\"2025-10-27T08:07:32+00:00\" \/>\n<meta property=\"og:image\" content=\"https:\/\/logs.se\/wp-content\/uploads\/p1380254-scaled.jpg\" \/>\n\t<meta property=\"og:image:width\" content=\"1922\" \/>\n\t<meta property=\"og:image:height\" content=\"2560\" \/>\n\t<meta property=\"og:image:type\" content=\"image\/jpeg\" \/>\n<meta name=\"twitter:card\" content=\"summary_large_image\" \/>\n<script type=\"application\/ld+json\" class=\"yoast-schema-graph\">{\"@context\":\"https:\/\/schema.org\",\"@graph\":[{\"@type\":\"WebPage\",\"@id\":\"https:\/\/logs.se\/en\/om-oss\/important-information\/\",\"url\":\"https:\/\/logs.se\/en\/om-oss\/important-information\/\",\"name\":\"Important information - LOGS Logistics &amp; Terminals AB\",\"isPartOf\":{\"@id\":\"https:\/\/logs.se\/#website\"},\"primaryImageOfPage\":{\"@id\":\"https:\/\/logs.se\/en\/om-oss\/important-information\/#primaryimage\"},\"image\":{\"@id\":\"https:\/\/logs.se\/en\/om-oss\/important-information\/#primaryimage\"},\"thumbnailUrl\":\"https:\/\/logs.se\/wp-content\/uploads\/p1380254-scaled.jpg\",\"datePublished\":\"2024-03-13T09:11:43+00:00\",\"dateModified\":\"2025-10-27T08:07:32+00:00\",\"description\":\"Important information, traffic and safety rules for those who visit us at LOGS Logistics.\",\"breadcrumb\":{\"@id\":\"https:\/\/logs.se\/en\/om-oss\/important-information\/#breadcrumb\"},\"inLanguage\":\"en-US\",\"potentialAction\":[{\"@type\":\"ReadAction\",\"target\":[\"https:\/\/logs.se\/en\/om-oss\/important-information\/\"]}]},{\"@type\":\"ImageObject\",\"inLanguage\":\"en-US\",\"@id\":\"https:\/\/logs.se\/en\/om-oss\/important-information\/#primaryimage\",\"url\":\"https:\/\/logs.se\/wp-content\/uploads\/p1380254-scaled.jpg\",\"contentUrl\":\"https:\/\/logs.se\/wp-content\/uploads\/p1380254-scaled.jpg\",\"width\":1922,\"height\":2560},{\"@type\":\"BreadcrumbList\",\"@id\":\"https:\/\/logs.se\/en\/om-oss\/important-information\/#breadcrumb\",\"itemListElement\":[{\"@type\":\"ListItem\",\"position\":1,\"name\":\"Hem\",\"item\":\"https:\/\/logs.se\/en\/\"},{\"@type\":\"ListItem\",\"position\":2,\"name\":\"About us\",\"item\":\"https:\/\/logs.se\/en\/om-oss\/\"},{\"@type\":\"ListItem\",\"position\":3,\"name\":\"Important information\"}]},{\"@type\":\"WebSite\",\"@id\":\"https:\/\/logs.se\/#website\",\"url\":\"https:\/\/logs.se\/\",\"name\":\"LOGS Logistics &amp; Terminals AB\",\"description\":\"LOGS Logistics &amp; Terminals\",\"publisher\":{\"@id\":\"https:\/\/logs.se\/#organization\"},\"potentialAction\":[{\"@type\":\"SearchAction\",\"target\":{\"@type\":\"EntryPoint\",\"urlTemplate\":\"https:\/\/logs.se\/?s={search_term_string}\"},\"query-input\":{\"@type\":\"PropertyValueSpecification\",\"valueRequired\":true,\"valueName\":\"search_term_string\"}}],\"inLanguage\":\"en-US\"},{\"@type\":\"Organization\",\"@id\":\"https:\/\/logs.se\/#organization\",\"name\":\"LOGS L&T AB\",\"alternateName\":\"LOGS\",\"url\":\"https:\/\/logs.se\/\",\"logo\":{\"@type\":\"ImageObject\",\"inLanguage\":\"en-US\",\"@id\":\"https:\/\/logs.se\/#\/schema\/logo\/image\/\",\"url\":\"\",\"contentUrl\":\"\",\"caption\":\"LOGS L&T AB\"},\"image\":{\"@id\":\"https:\/\/logs.se\/#\/schema\/logo\/image\/\"},\"sameAs\":[\"https:\/\/www.facebook.com\/logslogisticsab\/\",\"https:\/\/www.linkedin.com\/company\/logs-logistics-ab\/\",\"https:\/\/www.instagram.com\/logslogistics_ab\/\"]}]}<\/script>\n<!-- \/ Yoast SEO plugin. -->","yoast_head_json":{"title":"Important information - LOGS Logistics &amp; Terminals AB","description":"Important information, traffic and safety rules for those who visit us at LOGS Logistics.","robots":{"index":"index","follow":"follow","max-snippet":"max-snippet:-1","max-image-preview":"max-image-preview:large","max-video-preview":"max-video-preview:-1"},"canonical":"https:\/\/logs.se\/en\/om-oss\/important-information\/","og_locale":"en_US","og_type":"article","og_title":"Important information - LOGS Logistics &amp; Terminals AB","og_description":"Important information, traffic and safety rules for those who visit us at LOGS Logistics.","og_url":"https:\/\/logs.se\/en\/om-oss\/important-information\/","og_site_name":"LOGS Logistics &amp; Terminals AB","article_publisher":"https:\/\/www.facebook.com\/logslogisticsab\/","article_modified_time":"2025-10-27T08:07:32+00:00","og_image":[{"width":1922,"height":2560,"url":"https:\/\/logs.se\/wp-content\/uploads\/p1380254-scaled.jpg","type":"image\/jpeg"}],"twitter_card":"summary_large_image","schema":{"@context":"https:\/\/schema.org","@graph":[{"@type":"WebPage","@id":"https:\/\/logs.se\/en\/om-oss\/important-information\/","url":"https:\/\/logs.se\/en\/om-oss\/important-information\/","name":"Important information - LOGS Logistics &amp; Terminals AB","isPartOf":{"@id":"https:\/\/logs.se\/#website"},"primaryImageOfPage":{"@id":"https:\/\/logs.se\/en\/om-oss\/important-information\/#primaryimage"},"image":{"@id":"https:\/\/logs.se\/en\/om-oss\/important-information\/#primaryimage"},"thumbnailUrl":"https:\/\/logs.se\/wp-content\/uploads\/p1380254-scaled.jpg","datePublished":"2024-03-13T09:11:43+00:00","dateModified":"2025-10-27T08:07:32+00:00","description":"Important information, traffic and safety rules for those who visit us at LOGS Logistics.","breadcrumb":{"@id":"https:\/\/logs.se\/en\/om-oss\/important-information\/#breadcrumb"},"inLanguage":"en-US","potentialAction":[{"@type":"ReadAction","target":["https:\/\/logs.se\/en\/om-oss\/important-information\/"]}]},{"@type":"ImageObject","inLanguage":"en-US","@id":"https:\/\/logs.se\/en\/om-oss\/important-information\/#primaryimage","url":"https:\/\/logs.se\/wp-content\/uploads\/p1380254-scaled.jpg","contentUrl":"https:\/\/logs.se\/wp-content\/uploads\/p1380254-scaled.jpg","width":1922,"height":2560},{"@type":"BreadcrumbList","@id":"https:\/\/logs.se\/en\/om-oss\/important-information\/#breadcrumb","itemListElement":[{"@type":"ListItem","position":1,"name":"Hem","item":"https:\/\/logs.se\/en\/"},{"@type":"ListItem","position":2,"name":"About us","item":"https:\/\/logs.se\/en\/om-oss\/"},{"@type":"ListItem","position":3,"name":"Important information"}]},{"@type":"WebSite","@id":"https:\/\/logs.se\/#website","url":"https:\/\/logs.se\/","name":"LOGS Logistics &amp; Terminals AB","description":"LOGS Logistics &amp; Terminals","publisher":{"@id":"https:\/\/logs.se\/#organization"},"potentialAction":[{"@type":"SearchAction","target":{"@type":"EntryPoint","urlTemplate":"https:\/\/logs.se\/?s={search_term_string}"},"query-input":{"@type":"PropertyValueSpecification","valueRequired":true,"valueName":"search_term_string"}}],"inLanguage":"en-US"},{"@type":"Organization","@id":"https:\/\/logs.se\/#organization","name":"LOGS L&T AB","alternateName":"LOGS","url":"https:\/\/logs.se\/","logo":{"@type":"ImageObject","inLanguage":"en-US","@id":"https:\/\/logs.se\/#\/schema\/logo\/image\/","url":"","contentUrl":"","caption":"LOGS L&T AB"},"image":{"@id":"https:\/\/logs.se\/#\/schema\/logo\/image\/"},"sameAs":["https:\/\/www.facebook.com\/logslogisticsab\/","https:\/\/www.linkedin.com\/company\/logs-logistics-ab\/","https:\/\/www.instagram.com\/logslogistics_ab\/"]}]}},"_links":{"self":[{"href":"https:\/\/logs.se\/en\/wp-json\/wp\/v2\/pages\/1401","targetHints":{"allow":["GET"]}}],"collection":[{"href":"https:\/\/logs.se\/en\/wp-json\/wp\/v2\/pages"}],"about":[{"href":"https:\/\/logs.se\/en\/wp-json\/wp\/v2\/types\/page"}],"author":[{"embeddable":true,"href":"https:\/\/logs.se\/en\/wp-json\/wp\/v2\/users\/4"}],"replies":[{"embeddable":true,"href":"https:\/\/logs.se\/en\/wp-json\/wp\/v2\/comments?post=1401"}],"version-history":[{"count":4,"href":"https:\/\/logs.se\/en\/wp-json\/wp\/v2\/pages\/1401\/revisions"}],"predecessor-version":[{"id":2222,"href":"https:\/\/logs.se\/en\/wp-json\/wp\/v2\/pages\/1401\/revisions\/2222"}],"up":[{"embeddable":true,"href":"https:\/\/logs.se\/en\/wp-json\/wp\/v2\/pages\/800"}],"wp:featuredmedia":[{"embeddable":true,"href":"https:\/\/logs.se\/en\/wp-json\/wp\/v2\/media\/1406"}],"wp:attachment":[{"href":"https:\/\/logs.se\/en\/wp-json\/wp\/v2\/media?parent=1401"}],"curies":[{"name":"wp","href":"https:\/\/api.w.org\/{rel}","templated":true}]}}